{"id":19,"date":"2023-12-08T22:28:16","date_gmt":"2023-12-08T22:28:16","guid":{"rendered":"https:\/\/store.jvdconsultores.com\/?page_id=19"},"modified":"2023-12-13T02:54:41","modified_gmt":"2023-12-13T02:54:41","slug":"home","status":"publish","type":"page","link":"https:\/\/store.jvdconsultores.com\/","title":{"rendered":"Inicio"},"content":{"rendered":"\n<div class=\"wp-block-group is-layout-constrained wp-block-group-is-layout-constrained\">\n<div class=\"wp-block-columns is-layout-flex wp-container-core-columns-layout-1 wp-block-columns-is-layout-flex\">\n<div class=\"wp-block-column is-layout-flow wp-block-column-is-layout-flow\" style=\"flex-basis:100%\">\n<div class=\"wp-block-jetpack-slideshow aligncenter\" data-effect=\"slide\"><div class=\"wp-block-jetpack-slideshow_container swiper-container\"><ul class=\"wp-block-jetpack-slideshow_swiper-wrapper swiper-wrapper\"><li class=\"wp-block-jetpack-slideshow_slide swiper-slide\"><figure><img loading=\"lazy\" decoding=\"async\" width=\"1024\" height=\"480\" alt=\"\" class=\"wp-block-jetpack-slideshow_image wp-image-22\" data-id=\"22\" src=\"https:\/\/store.jvdconsultores.com\/wp-content\/uploads\/2023\/12\/Lilac-Childish-Kids-Fashion-Store-Banner-1-1-1024x480.png\" srcset=\"https:\/\/store.jvdconsultores.com\/wp-content\/uploads\/2023\/12\/Lilac-Childish-Kids-Fashion-Store-Banner-1-1-1024x480.png 1024w, https:\/\/store.jvdconsultores.com\/wp-content\/uploads\/2023\/12\/Lilac-Childish-Kids-Fashion-Store-Banner-1-1-300x141.png 300w, https:\/\/store.jvdconsultores.com\/wp-content\/uploads\/2023\/12\/Lilac-Childish-Kids-Fashion-Store-Banner-1-1-768x360.png 768w, https:\/\/store.jvdconsultores.com\/wp-content\/uploads\/2023\/12\/Lilac-Childish-Kids-Fashion-Store-Banner-1-1-1536x720.png 1536w, https:\/\/store.jvdconsultores.com\/wp-content\/uploads\/2023\/12\/Lilac-Childish-Kids-Fashion-Store-Banner-1-1-1320x619.png 1320w, https:\/\/store.jvdconsultores.com\/wp-content\/uploads\/2023\/12\/Lilac-Childish-Kids-Fashion-Store-Banner-1-1-600x281.png 600w, https:\/\/store.jvdconsultores.com\/wp-content\/uploads\/2023\/12\/Lilac-Childish-Kids-Fashion-Store-Banner-1-1.png 1920w\" sizes=\"(max-width: 1024px) 100vw, 1024px\" \/><\/figure><\/li><\/ul><a class=\"wp-block-jetpack-slideshow_button-prev swiper-button-prev swiper-button-white\" role=\"button\"><\/a><a class=\"wp-block-jetpack-slideshow_button-next swiper-button-next swiper-button-white\" role=\"button\"><\/a><a aria-label=\"Pause Slideshow\" class=\"wp-block-jetpack-slideshow_button-pause\" role=\"button\"><\/a><div class=\"wp-block-jetpack-slideshow_pagination swiper-pagination swiper-pagination-white\"><\/div><\/div><\/div>\n\n\n\n<hr class=\"wp-block-separator has-alpha-channel-opacity\"\/>\n<\/div>\n<\/div>\n<\/div>\n\n\n\n<div class=\"wp-block-group alignwide is-layout-constrained wp-block-group-is-layout-constrained\" style=\"margin-top:0px;margin-bottom:80px;padding-top:0;padding-right:var(--wp--preset--spacing--30);padding-bottom:0;padding-left:var(--wp--preset--spacing--30)\">\n<h3 class=\"wp-block-heading alignwide\">Nuestros productos<\/h3>\n<\/div>\n\n\n<div data-block-name=\"woocommerce\/product-category\" data-categories=\"[20,18,21,28,30]\" class=\"wc-block-grid wp-block-product-category wc-block-product-category has-3-columns has-multiple-rows\"><ul class=\"wc-block-grid__products\"><li class=\"wc-block-grid__product\">\n\t\t\t\t<a href=\"https:\/\/store.jvdconsultores.com\/index.php\/product\/patineta-electrica-vorago-hoverboard-hb-200-velocidad-maxima-12km-h-color-azul\/\" class=\"wc-block-grid__product-link\">\n\t\t\t\t\t<div class=\"wc-block-grid__product-onsale\">\n\t\t\t<span aria-hidden=\"true\">Oferta<\/span>\n\t\t\t<span class=\"screen-reader-text\">Producto en oferta<\/span>\n\t\t<\/div>\n\t\t\t\t\t<div class=\"wc-block-grid__product-image\"><img loading=\"lazy\" decoding=\"async\" width=\"300\" height=\"300\" src=\"https:\/\/store.jvdconsultores.com\/wp-content\/uploads\/2023\/12\/patineta_1-300x300.jpg\" class=\"attachment-woocommerce_thumbnail size-woocommerce_thumbnail\" alt=\"Patineta El\u00e9ctrica Vorago Hoverboard HB-200 Velocidad M\u00e1xima 12Km\/h Color Azul\" srcset=\"https:\/\/store.jvdconsultores.com\/wp-content\/uploads\/2023\/12\/patineta_1-300x300.jpg 300w, https:\/\/store.jvdconsultores.com\/wp-content\/uploads\/2023\/12\/patineta_1-150x150.jpg 150w, https:\/\/store.jvdconsultores.com\/wp-content\/uploads\/2023\/12\/patineta_1-350x350.jpg 350w, https:\/\/store.jvdconsultores.com\/wp-content\/uploads\/2023\/12\/patineta_1-100x100.jpg 100w, https:\/\/store.jvdconsultores.com\/wp-content\/uploads\/2023\/12\/patineta_1.jpg 433w\" sizes=\"(max-width: 300px) 100vw, 300px\" \/><\/div>\n\t\t\t\t\t<div class=\"wc-block-grid__product-title\">Patineta El\u00e9ctrica Vorago Hoverboard HB-200 Velocidad M\u00e1xima 12Km\/h Color Azul<\/div>\n\t\t\t\t<\/a>\n\t\t\t\t<div class=\"wc-block-grid__product-price price\"><del aria-hidden=\"true\"><span class=\"woocommerce-Price-amount amount\"><span class=\"woocommerce-Price-currencySymbol\">&#036;<\/span>5,132.00<\/span><\/del> <ins><span class=\"woocommerce-Price-amount amount\"><span class=\"woocommerce-Price-currencySymbol\">&#036;<\/span>4,277.00<\/span><\/ins><\/div>\n\t\t\t\t\n\t\t\t\t<div class=\"wp-block-button wc-block-grid__product-add-to-cart\"><a href=\"?add-to-cart=122\" aria-label=\"A\u00f1ade &ldquo;Patineta El\u00e9ctrica Vorago Hoverboard HB-200 Velocidad M\u00e1xima 12Km\/h Color Azul&rdquo; a tu carrito\" data-quantity=\"1\" data-product_id=\"122\" data-product_sku=\"patineta-azul\" data-price=\"4277\" rel=\"nofollow\" class=\"wp-block-button__link  add_to_cart_button ajax_add_to_cart\">A\u00f1adir al carrito<\/a><\/div>\n\t\t\t<\/li><li class=\"wc-block-grid__product\">\n\t\t\t\t<a href=\"https:\/\/store.jvdconsultores.com\/index.php\/product\/all-in-one-lanix-x240-23-8-curva-intel-core-i3\/\" class=\"wc-block-grid__product-link\">\n\t\t\t\t\t<div class=\"wc-block-grid__product-onsale\">\n\t\t\t<span aria-hidden=\"true\">Oferta<\/span>\n\t\t\t<span class=\"screen-reader-text\">Producto en oferta<\/span>\n\t\t<\/div>\n\t\t\t\t\t<div class=\"wc-block-grid__product-image\"><img loading=\"lazy\" decoding=\"async\" width=\"300\" height=\"300\" src=\"https:\/\/store.jvdconsultores.com\/wp-content\/uploads\/2023\/12\/lanix_1-300x300.jpg\" class=\"attachment-woocommerce_thumbnail size-woocommerce_thumbnail\" alt=\"All in One Lanix X240 23.8&quot; Curva Intel Core i3\" srcset=\"https:\/\/store.jvdconsultores.com\/wp-content\/uploads\/2023\/12\/lanix_1-300x300.jpg 300w, https:\/\/store.jvdconsultores.com\/wp-content\/uploads\/2023\/12\/lanix_1-150x150.jpg 150w, https:\/\/store.jvdconsultores.com\/wp-content\/uploads\/2023\/12\/lanix_1-350x350.jpg 350w, https:\/\/store.jvdconsultores.com\/wp-content\/uploads\/2023\/12\/lanix_1-100x100.jpg 100w, https:\/\/store.jvdconsultores.com\/wp-content\/uploads\/2023\/12\/lanix_1.jpg 433w\" sizes=\"(max-width: 300px) 100vw, 300px\" \/><\/div>\n\t\t\t\t\t<div class=\"wc-block-grid__product-title\">All in One Lanix X240 23.8&#8243; Curva Intel Core i3<\/div>\n\t\t\t\t<\/a>\n\t\t\t\t<div class=\"wc-block-grid__product-price price\"><del aria-hidden=\"true\"><span class=\"woocommerce-Price-amount amount\"><span class=\"woocommerce-Price-currencySymbol\">&#036;<\/span>14,282.99<\/span><\/del> <ins><span class=\"woocommerce-Price-amount amount\"><span class=\"woocommerce-Price-currencySymbol\">&#036;<\/span>11,903.00<\/span><\/ins><\/div>\n\t\t\t\t\n\t\t\t\t<div class=\"wp-block-button wc-block-grid__product-add-to-cart\"><a href=\"?add-to-cart=119\" aria-label=\"A\u00f1ade &ldquo;All in One Lanix X240 23.8&quot; Curva Intel Core i3&rdquo; a tu carrito\" data-quantity=\"1\" data-product_id=\"119\" data-product_sku=\"all-in-one\" data-price=\"11903\" rel=\"nofollow\" class=\"wp-block-button__link  add_to_cart_button ajax_add_to_cart\">A\u00f1adir al carrito<\/a><\/div>\n\t\t\t<\/li><li class=\"wc-block-grid__product\">\n\t\t\t\t<a href=\"https:\/\/store.jvdconsultores.com\/index.php\/product\/tablet-lenovo-m10-tb328fu-10-1\/\" class=\"wc-block-grid__product-link\">\n\t\t\t\t\t<div class=\"wc-block-grid__product-onsale\">\n\t\t\t<span aria-hidden=\"true\">Oferta<\/span>\n\t\t\t<span class=\"screen-reader-text\">Producto en oferta<\/span>\n\t\t<\/div>\n\t\t\t\t\t<div class=\"wc-block-grid__product-image\"><img loading=\"lazy\" decoding=\"async\" width=\"300\" height=\"300\" src=\"https:\/\/store.jvdconsultores.com\/wp-content\/uploads\/2023\/12\/m10_1-300x300.jpg\" class=\"attachment-woocommerce_thumbnail size-woocommerce_thumbnail\" alt=\"Tablet Lenovo M10 TB328FU 10.1&quot;\" srcset=\"https:\/\/store.jvdconsultores.com\/wp-content\/uploads\/2023\/12\/m10_1-300x300.jpg 300w, https:\/\/store.jvdconsultores.com\/wp-content\/uploads\/2023\/12\/m10_1-150x150.jpg 150w, https:\/\/store.jvdconsultores.com\/wp-content\/uploads\/2023\/12\/m10_1-350x350.jpg 350w, https:\/\/store.jvdconsultores.com\/wp-content\/uploads\/2023\/12\/m10_1-100x100.jpg 100w, https:\/\/store.jvdconsultores.com\/wp-content\/uploads\/2023\/12\/m10_1.jpg 433w\" sizes=\"(max-width: 300px) 100vw, 300px\" \/><\/div>\n\t\t\t\t\t<div class=\"wc-block-grid__product-title\">Tablet Lenovo M10 TB328FU 10.1&#8243;<\/div>\n\t\t\t\t<\/a>\n\t\t\t\t<div class=\"wc-block-grid__product-price price\"><del aria-hidden=\"true\"><span class=\"woocommerce-Price-amount amount\"><span class=\"woocommerce-Price-currencySymbol\">&#036;<\/span>5,475.00<\/span><\/del> <ins><span class=\"woocommerce-Price-amount amount\"><span class=\"woocommerce-Price-currencySymbol\">&#036;<\/span>4,562.00<\/span><\/ins><\/div>\n\t\t\t\t\n\t\t\t\t<div class=\"wp-block-button wc-block-grid__product-add-to-cart\"><a href=\"?add-to-cart=112\" aria-label=\"A\u00f1ade &ldquo;Tablet Lenovo M10 TB328FU 10.1&quot;&rdquo; a tu carrito\" data-quantity=\"1\" data-product_id=\"112\" data-product_sku=\"m10-lenovo\" data-price=\"4562\" rel=\"nofollow\" class=\"wp-block-button__link  add_to_cart_button ajax_add_to_cart\">A\u00f1adir al carrito<\/a><\/div>\n\t\t\t<\/li><li class=\"wc-block-grid__product\">\n\t\t\t\t<a href=\"https:\/\/store.jvdconsultores.com\/index.php\/product\/tablet-vorago-pad-7-kids-7-quadcore\/\" class=\"wc-block-grid__product-link\">\n\t\t\t\t\t<div class=\"wc-block-grid__product-onsale\">\n\t\t\t<span aria-hidden=\"true\">Oferta<\/span>\n\t\t\t<span class=\"screen-reader-text\">Producto en oferta<\/span>\n\t\t<\/div>\n\t\t\t\t\t<div class=\"wc-block-grid__product-image\"><img loading=\"lazy\" decoding=\"async\" width=\"300\" height=\"300\" src=\"https:\/\/store.jvdconsultores.com\/wp-content\/uploads\/2023\/12\/vorago_2-300x300.jpg\" class=\"attachment-woocommerce_thumbnail size-woocommerce_thumbnail\" alt=\"Tablet Vorago PAD-7-KIDS 7&quot; Quadcore\" srcset=\"https:\/\/store.jvdconsultores.com\/wp-content\/uploads\/2023\/12\/vorago_2-300x300.jpg 300w, https:\/\/store.jvdconsultores.com\/wp-content\/uploads\/2023\/12\/vorago_2-150x150.jpg 150w, https:\/\/store.jvdconsultores.com\/wp-content\/uploads\/2023\/12\/vorago_2-350x350.jpg 350w, https:\/\/store.jvdconsultores.com\/wp-content\/uploads\/2023\/12\/vorago_2-100x100.jpg 100w, https:\/\/store.jvdconsultores.com\/wp-content\/uploads\/2023\/12\/vorago_2.jpg 433w\" sizes=\"(max-width: 300px) 100vw, 300px\" \/><\/div>\n\t\t\t\t\t<div class=\"wc-block-grid__product-title\">Tablet Vorago PAD-7-KIDS 7&#8243; Quadcore<\/div>\n\t\t\t\t<\/a>\n\t\t\t\t<div class=\"wc-block-grid__product-price price\"><del aria-hidden=\"true\"><span class=\"woocommerce-Price-amount amount\"><span class=\"woocommerce-Price-currencySymbol\">&#036;<\/span>1,719.99<\/span><\/del> <ins><span class=\"woocommerce-Price-amount amount\"><span class=\"woocommerce-Price-currencySymbol\">&#036;<\/span>1,433.00<\/span><\/ins><\/div>\n\t\t\t\t\n\t\t\t\t<div class=\"wp-block-button wc-block-grid__product-add-to-cart\"><a href=\"?add-to-cart=107\" aria-label=\"A\u00f1ade &ldquo;Tablet Vorago PAD-7-KIDS 7&quot; Quadcore&rdquo; a tu carrito\" data-quantity=\"1\" data-product_id=\"107\" data-product_sku=\"vorago-tablet\" data-price=\"1433\" rel=\"nofollow\" class=\"wp-block-button__link  add_to_cart_button ajax_add_to_cart\">A\u00f1adir al carrito<\/a><\/div>\n\t\t\t<\/li><li class=\"wc-block-grid__product\">\n\t\t\t\t<a href=\"https:\/\/store.jvdconsultores.com\/index.php\/product\/smartphone-nokia-g10-6-5-64gb-3gb\/\" class=\"wc-block-grid__product-link\">\n\t\t\t\t\t<div class=\"wc-block-grid__product-onsale\">\n\t\t\t<span aria-hidden=\"true\">Oferta<\/span>\n\t\t\t<span class=\"screen-reader-text\">Producto en oferta<\/span>\n\t\t<\/div>\n\t\t\t\t\t<div class=\"wc-block-grid__product-image\"><img loading=\"lazy\" decoding=\"async\" width=\"300\" height=\"300\" src=\"https:\/\/store.jvdconsultores.com\/wp-content\/uploads\/2023\/12\/nokia_2-300x300.jpg\" class=\"attachment-woocommerce_thumbnail size-woocommerce_thumbnail\" alt=\"Smartphone Nokia G10 6.5&quot; 64GB\/3GB\" srcset=\"https:\/\/store.jvdconsultores.com\/wp-content\/uploads\/2023\/12\/nokia_2-300x300.jpg 300w, https:\/\/store.jvdconsultores.com\/wp-content\/uploads\/2023\/12\/nokia_2-150x150.jpg 150w, https:\/\/store.jvdconsultores.com\/wp-content\/uploads\/2023\/12\/nokia_2-350x350.jpg 350w, https:\/\/store.jvdconsultores.com\/wp-content\/uploads\/2023\/12\/nokia_2-100x100.jpg 100w, https:\/\/store.jvdconsultores.com\/wp-content\/uploads\/2023\/12\/nokia_2.jpg 433w\" sizes=\"(max-width: 300px) 100vw, 300px\" \/><\/div>\n\t\t\t\t\t<div class=\"wc-block-grid__product-title\">Smartphone Nokia G10 6.5&#8243; 64GB\/3GB<\/div>\n\t\t\t\t<\/a>\n\t\t\t\t<div class=\"wc-block-grid__product-price price\"><del aria-hidden=\"true\"><span class=\"woocommerce-Price-amount amount\"><span class=\"woocommerce-Price-currencySymbol\">&#036;<\/span>2,806.80<\/span><\/del> <ins><span class=\"woocommerce-Price-amount amount\"><span class=\"woocommerce-Price-currencySymbol\">&#036;<\/span>2,340.00<\/span><\/ins><\/div>\n\t\t\t\t\n\t\t\t\t<div class=\"wp-block-button wc-block-grid__product-add-to-cart\"><a href=\"?add-to-cart=77\" aria-label=\"A\u00f1ade &ldquo;Smartphone Nokia G10 6.5&quot; 64GB\/3GB&rdquo; a tu carrito\" data-quantity=\"1\" data-product_id=\"77\" data-product_sku=\"nokia-cel\" data-price=\"2340\" rel=\"nofollow\" class=\"wp-block-button__link  add_to_cart_button ajax_add_to_cart\">A\u00f1adir al carrito<\/a><\/div>\n\t\t\t<\/li><li class=\"wc-block-grid__product\">\n\t\t\t\t<a href=\"https:\/\/store.jvdconsultores.com\/index.php\/product\/laptop-acer-aspire-3-a315-24p-r8lx-15-6\/\" class=\"wc-block-grid__product-link\">\n\t\t\t\t\t<div class=\"wc-block-grid__product-onsale\">\n\t\t\t<span aria-hidden=\"true\">Oferta<\/span>\n\t\t\t<span class=\"screen-reader-text\">Producto en oferta<\/span>\n\t\t<\/div>\n\t\t\t\t\t<div class=\"wc-block-grid__product-image\"><img loading=\"lazy\" decoding=\"async\" width=\"300\" height=\"300\" src=\"https:\/\/store.jvdconsultores.com\/wp-content\/uploads\/2023\/12\/acer_1-300x300.jpg\" class=\"attachment-woocommerce_thumbnail size-woocommerce_thumbnail\" alt=\"Laptop Acer Aspire 3 A315-24P-R8LX 15.6&quot;\" srcset=\"https:\/\/store.jvdconsultores.com\/wp-content\/uploads\/2023\/12\/acer_1-300x300.jpg 300w, https:\/\/store.jvdconsultores.com\/wp-content\/uploads\/2023\/12\/acer_1-150x150.jpg 150w, https:\/\/store.jvdconsultores.com\/wp-content\/uploads\/2023\/12\/acer_1-350x350.jpg 350w, https:\/\/store.jvdconsultores.com\/wp-content\/uploads\/2023\/12\/acer_1-100x100.jpg 100w, https:\/\/store.jvdconsultores.com\/wp-content\/uploads\/2023\/12\/acer_1.jpg 433w\" sizes=\"(max-width: 300px) 100vw, 300px\" \/><\/div>\n\t\t\t\t\t<div class=\"wc-block-grid__product-title\">Laptop Acer Aspire 3 A315-24P-R8LX 15.6&#8243;<\/div>\n\t\t\t\t<\/a>\n\t\t\t\t<div class=\"wc-block-grid__product-price price\"><del aria-hidden=\"true\"><span class=\"woocommerce-Price-amount amount\"><span class=\"woocommerce-Price-currencySymbol\">&#036;<\/span>11,898.30<\/span><\/del> <ins><span class=\"woocommerce-Price-amount amount\"><span class=\"woocommerce-Price-currencySymbol\">&#036;<\/span>9,915.30<\/span><\/ins><\/div>\n\t\t\t\t\n\t\t\t\t<div class=\"wp-block-button wc-block-grid__product-add-to-cart\"><a href=\"?add-to-cart=73\" aria-label=\"A\u00f1ade &ldquo;Laptop Acer Aspire 3 A315-24P-R8LX 15.6&quot;&rdquo; a tu carrito\" data-quantity=\"1\" data-product_id=\"73\" data-product_sku=\"acer-laptop\" data-price=\"9915.3\" rel=\"nofollow\" class=\"wp-block-button__link  add_to_cart_button ajax_add_to_cart\">A\u00f1adir al carrito<\/a><\/div>\n\t\t\t<\/li><li class=\"wc-block-grid__product\">\n\t\t\t\t<a href=\"https:\/\/store.jvdconsultores.com\/index.php\/product\/laptop-lenovo-ideapad-slim-3-15ian8-15-6\/\" class=\"wc-block-grid__product-link\">\n\t\t\t\t\t\n\t\t\t\t\t<div class=\"wc-block-grid__product-image\"><img loading=\"lazy\" decoding=\"async\" width=\"300\" height=\"300\" src=\"https:\/\/store.jvdconsultores.com\/wp-content\/uploads\/2023\/12\/lenovo_2-300x300.jpeg\" class=\"attachment-woocommerce_thumbnail size-woocommerce_thumbnail\" alt=\"Laptop Lenovo IdeaPad Slim 3 15IAN8 15.6&quot;\" srcset=\"https:\/\/store.jvdconsultores.com\/wp-content\/uploads\/2023\/12\/lenovo_2-300x300.jpeg 300w, https:\/\/store.jvdconsultores.com\/wp-content\/uploads\/2023\/12\/lenovo_2-150x150.jpeg 150w, https:\/\/store.jvdconsultores.com\/wp-content\/uploads\/2023\/12\/lenovo_2-768x768.jpeg 768w, https:\/\/store.jvdconsultores.com\/wp-content\/uploads\/2023\/12\/lenovo_2-350x350.jpeg 350w, https:\/\/store.jvdconsultores.com\/wp-content\/uploads\/2023\/12\/lenovo_2-600x600.jpeg 600w, https:\/\/store.jvdconsultores.com\/wp-content\/uploads\/2023\/12\/lenovo_2-100x100.jpeg 100w, https:\/\/store.jvdconsultores.com\/wp-content\/uploads\/2023\/12\/lenovo_2.jpeg 1000w\" sizes=\"(max-width: 300px) 100vw, 300px\" \/><\/div>\n\t\t\t\t\t<div class=\"wc-block-grid__product-title\">Laptop Lenovo IdeaPad Slim 3 15IAN8 15.6&#8243;<\/div>\n\t\t\t\t<\/a>\n\t\t\t\t<div class=\"wc-block-grid__product-price price\"><span class=\"woocommerce-Price-amount amount\"><span class=\"woocommerce-Price-currencySymbol\">&#036;<\/span>9,988.99<\/span><\/div>\n\t\t\t\t\n\t\t\t\t<div class=\"wp-block-button wc-block-grid__product-add-to-cart\"><a href=\"?add-to-cart=67\" aria-label=\"A\u00f1ade &ldquo;Laptop Lenovo IdeaPad Slim 3 15IAN8 15.6&quot;&rdquo; a tu carrito\" data-quantity=\"1\" data-product_id=\"67\" data-product_sku=\"lenovo-laptop-001\" data-price=\"9988.99\" rel=\"nofollow\" class=\"wp-block-button__link  add_to_cart_button ajax_add_to_cart\">A\u00f1adir al carrito<\/a><\/div>\n\t\t\t<\/li><\/ul><\/div>","protected":false},"excerpt":{"rendered":"<p>Nuestros productos<\/p>\n","protected":false},"author":1,"featured_media":0,"parent":0,"menu_order":0,"comment_status":"closed","ping_status":"closed","template":"template-parts\/template-page-builders.php","meta":{"footnotes":""},"jetpack_sharing_enabled":true,"_links":{"self":[{"href":"https:\/\/store.jvdconsultores.com\/index.php\/wp-json\/wp\/v2\/pages\/19"}],"collection":[{"href":"https:\/\/store.jvdconsultores.com\/index.php\/wp-json\/wp\/v2\/pages"}],"about":[{"href":"https:\/\/store.jvdconsultores.com\/index.php\/wp-json\/wp\/v2\/types\/page"}],"author":[{"embeddable":true,"href":"https:\/\/store.jvdconsultores.com\/index.php\/wp-json\/wp\/v2\/users\/1"}],"replies":[{"embeddable":true,"href":"https:\/\/store.jvdconsultores.com\/index.php\/wp-json\/wp\/v2\/comments?post=19"}],"version-history":[{"count":17,"href":"https:\/\/store.jvdconsultores.com\/index.php\/wp-json\/wp\/v2\/pages\/19\/revisions"}],"predecessor-version":[{"id":126,"href":"https:\/\/store.jvdconsultores.com\/index.php\/wp-json\/wp\/v2\/pages\/19\/revisions\/126"}],"wp:attachment":[{"href":"https:\/\/store.jvdconsultores.com\/index.php\/wp-json\/wp\/v2\/media?parent=19"}],"curies":[{"name":"wp","href":"https:\/\/api.w.org\/{rel}","templated":true}]}}