{"id":8,"date":"2023-12-08T21:47:28","date_gmt":"2023-12-08T21:47:28","guid":{"rendered":"https:\/\/store.jvdconsultores.com\/index.php\/cart\/"},"modified":"2023-12-08T21:47:28","modified_gmt":"2023-12-08T21:47:28","slug":"cart","status":"publish","type":"page","link":"https:\/\/store.jvdconsultores.com\/index.php\/cart\/","title":{"rendered":"Cart"},"content":{"rendered":"<div data-block-name=\"woocommerce\/cart\" class=\"wp-block-woocommerce-cart alignwide is-loading\"><div data-block-name=\"woocommerce\/filled-cart-block\" class=\"wp-block-woocommerce-filled-cart-block\"><div data-block-name=\"woocommerce\/cart-items-block\" class=\"wp-block-woocommerce-cart-items-block\"><div data-block-name=\"woocommerce\/cart-line-items-block\" class=\"wp-block-woocommerce-cart-line-items-block\"><\/div>\n\n<div data-block-name=\"woocommerce\/cart-cross-sells-block\" class=\"wp-block-woocommerce-cart-cross-sells-block\">\n<h2 class=\"wp-block-heading has-large-font-size\">You may be interested in\u2026<\/h2>\n\n\n<div data-block-name=\"woocommerce\/cart-cross-sells-products-block\" class=\"wp-block-woocommerce-cart-cross-sells-products-block\"><\/div><\/div><\/div>\n\n<div data-block-name=\"woocommerce\/cart-totals-block\" class=\"wp-block-woocommerce-cart-totals-block\"><div data-block-name=\"woocommerce\/cart-order-summary-block\" class=\"wp-block-woocommerce-cart-order-summary-block\"><div data-block-name=\"woocommerce\/cart-order-summary-heading-block\" class=\"wp-block-woocommerce-cart-order-summary-heading-block\"><\/div>\n\n<div data-block-name=\"woocommerce\/cart-order-summary-coupon-form-block\" class=\"wp-block-woocommerce-cart-order-summary-coupon-form-block\"><\/div>\n\n<div data-block-name=\"woocommerce\/cart-order-summary-subtotal-block\" class=\"wp-block-woocommerce-cart-order-summary-subtotal-block\"><\/div>\n\n<div data-block-name=\"woocommerce\/cart-order-summary-fee-block\" class=\"wp-block-woocommerce-cart-order-summary-fee-block\"><\/div>\n\n<div data-block-name=\"woocommerce\/cart-order-summary-discount-block\" class=\"wp-block-woocommerce-cart-order-summary-discount-block\"><\/div>\n\n<div data-block-name=\"woocommerce\/cart-order-summary-shipping-block\" class=\"wp-block-woocommerce-cart-order-summary-shipping-block\"><\/div>\n\n<div data-block-name=\"woocommerce\/cart-order-summary-taxes-block\" class=\"wp-block-woocommerce-cart-order-summary-taxes-block\"><\/div><\/div>\n\n<div data-block-name=\"woocommerce\/cart-express-payment-block\" class=\"wp-block-woocommerce-cart-express-payment-block\"><\/div>\n\n<div data-block-name=\"woocommerce\/proceed-to-checkout-block\" class=\"wp-block-woocommerce-proceed-to-checkout-block\"><\/div>\n\n<div data-block-name=\"woocommerce\/cart-accepted-payment-methods-block\" class=\"wp-block-woocommerce-cart-accepted-payment-methods-block\"><\/div><\/div><\/div>\n\n<div data-block-name=\"woocommerce\/empty-cart-block\" class=\"wp-block-woocommerce-empty-cart-block\">\n<h2 class=\"wp-block-heading has-text-align-center with-empty-cart-icon wc-block-cart__empty-cart__title\">Your cart is currently empty!<\/h2>\n\n\n\n<hr class=\"wp-block-separator has-alpha-channel-opacity is-style-dots\"\/>\n\n\n\n<h2 class=\"wp-block-heading has-text-align-center\">New in store<\/h2>\n\n\n<div data-block-name=\"woocommerce\/product-new\" data-columns=\"4\" data-rows=\"1\" class=\"wc-block-grid wp-block-product-new wc-block-product-new has-4-columns\"><ul class=\"wc-block-grid__products\"><li class=\"wc-block-grid__product\">\n\t\t\t\t<a href=\"https:\/\/store.jvdconsultores.com\/index.php\/product\/patineta-electrica-vorago-hoverboard-hb-200-velocidad-maxima-12km-h-color-azul\/\" class=\"wc-block-grid__product-link\">\n\t\t\t\t\t<div class=\"wc-block-grid__product-onsale\">\n\t\t\t<span aria-hidden=\"true\">Oferta<\/span>\n\t\t\t<span class=\"screen-reader-text\">Producto en oferta<\/span>\n\t\t<\/div>\n\t\t\t\t\t<div class=\"wc-block-grid__product-image\"><img loading=\"lazy\" decoding=\"async\" width=\"300\" height=\"300\" src=\"https:\/\/store.jvdconsultores.com\/wp-content\/uploads\/2023\/12\/patineta_1-300x300.jpg\" class=\"attachment-woocommerce_thumbnail size-woocommerce_thumbnail\" alt=\"Patineta El\u00e9ctrica Vorago Hoverboard HB-200 Velocidad M\u00e1xima 12Km\/h Color Azul\" srcset=\"https:\/\/store.jvdconsultores.com\/wp-content\/uploads\/2023\/12\/patineta_1-300x300.jpg 300w, https:\/\/store.jvdconsultores.com\/wp-content\/uploads\/2023\/12\/patineta_1-150x150.jpg 150w, https:\/\/store.jvdconsultores.com\/wp-content\/uploads\/2023\/12\/patineta_1-350x350.jpg 350w, https:\/\/store.jvdconsultores.com\/wp-content\/uploads\/2023\/12\/patineta_1-100x100.jpg 100w, https:\/\/store.jvdconsultores.com\/wp-content\/uploads\/2023\/12\/patineta_1.jpg 433w\" sizes=\"(max-width: 300px) 100vw, 300px\" \/><\/div>\n\t\t\t\t\t<div class=\"wc-block-grid__product-title\">Patineta El\u00e9ctrica Vorago Hoverboard HB-200 Velocidad M\u00e1xima 12Km\/h Color Azul<\/div>\n\t\t\t\t<\/a>\n\t\t\t\t<div class=\"wc-block-grid__product-price price\"><del aria-hidden=\"true\"><span class=\"woocommerce-Price-amount amount\"><span class=\"woocommerce-Price-currencySymbol\">&#036;<\/span>5,132.00<\/span><\/del> <ins><span class=\"woocommerce-Price-amount amount\"><span class=\"woocommerce-Price-currencySymbol\">&#036;<\/span>4,277.00<\/span><\/ins><\/div>\n\t\t\t\t\n\t\t\t\t<div class=\"wp-block-button wc-block-grid__product-add-to-cart\"><a href=\"?add-to-cart=122\" aria-label=\"A\u00f1ade &ldquo;Patineta El\u00e9ctrica Vorago Hoverboard HB-200 Velocidad M\u00e1xima 12Km\/h Color Azul&rdquo; a tu carrito\" data-quantity=\"1\" data-product_id=\"122\" data-product_sku=\"patineta-azul\" data-price=\"4277\" rel=\"nofollow\" class=\"wp-block-button__link  add_to_cart_button ajax_add_to_cart\">A\u00f1adir al carrito<\/a><\/div>\n\t\t\t<\/li><li class=\"wc-block-grid__product\">\n\t\t\t\t<a href=\"https:\/\/store.jvdconsultores.com\/index.php\/product\/all-in-one-lanix-x240-23-8-curva-intel-core-i3\/\" class=\"wc-block-grid__product-link\">\n\t\t\t\t\t<div class=\"wc-block-grid__product-onsale\">\n\t\t\t<span aria-hidden=\"true\">Oferta<\/span>\n\t\t\t<span class=\"screen-reader-text\">Producto en oferta<\/span>\n\t\t<\/div>\n\t\t\t\t\t<div class=\"wc-block-grid__product-image\"><img loading=\"lazy\" decoding=\"async\" width=\"300\" height=\"300\" src=\"https:\/\/store.jvdconsultores.com\/wp-content\/uploads\/2023\/12\/lanix_1-300x300.jpg\" class=\"attachment-woocommerce_thumbnail size-woocommerce_thumbnail\" alt=\"All in One Lanix X240 23.8&quot; Curva Intel Core i3\" srcset=\"https:\/\/store.jvdconsultores.com\/wp-content\/uploads\/2023\/12\/lanix_1-300x300.jpg 300w, https:\/\/store.jvdconsultores.com\/wp-content\/uploads\/2023\/12\/lanix_1-150x150.jpg 150w, https:\/\/store.jvdconsultores.com\/wp-content\/uploads\/2023\/12\/lanix_1-350x350.jpg 350w, https:\/\/store.jvdconsultores.com\/wp-content\/uploads\/2023\/12\/lanix_1-100x100.jpg 100w, https:\/\/store.jvdconsultores.com\/wp-content\/uploads\/2023\/12\/lanix_1.jpg 433w\" sizes=\"(max-width: 300px) 100vw, 300px\" \/><\/div>\n\t\t\t\t\t<div class=\"wc-block-grid__product-title\">All in One Lanix X240 23.8&#8243; Curva Intel Core i3<\/div>\n\t\t\t\t<\/a>\n\t\t\t\t<div class=\"wc-block-grid__product-price price\"><del aria-hidden=\"true\"><span class=\"woocommerce-Price-amount amount\"><span class=\"woocommerce-Price-currencySymbol\">&#036;<\/span>14,282.99<\/span><\/del> <ins><span class=\"woocommerce-Price-amount amount\"><span class=\"woocommerce-Price-currencySymbol\">&#036;<\/span>11,903.00<\/span><\/ins><\/div>\n\t\t\t\t\n\t\t\t\t<div class=\"wp-block-button wc-block-grid__product-add-to-cart\"><a href=\"?add-to-cart=119\" aria-label=\"A\u00f1ade &ldquo;All in One Lanix X240 23.8&quot; Curva Intel Core i3&rdquo; a tu carrito\" data-quantity=\"1\" data-product_id=\"119\" data-product_sku=\"all-in-one\" data-price=\"11903\" rel=\"nofollow\" class=\"wp-block-button__link  add_to_cart_button ajax_add_to_cart\">A\u00f1adir al carrito<\/a><\/div>\n\t\t\t<\/li><li class=\"wc-block-grid__product\">\n\t\t\t\t<a href=\"https:\/\/store.jvdconsultores.com\/index.php\/product\/tablet-lenovo-m10-tb328fu-10-1\/\" class=\"wc-block-grid__product-link\">\n\t\t\t\t\t<div class=\"wc-block-grid__product-onsale\">\n\t\t\t<span aria-hidden=\"true\">Oferta<\/span>\n\t\t\t<span class=\"screen-reader-text\">Producto en oferta<\/span>\n\t\t<\/div>\n\t\t\t\t\t<div class=\"wc-block-grid__product-image\"><img loading=\"lazy\" decoding=\"async\" width=\"300\" height=\"300\" src=\"https:\/\/store.jvdconsultores.com\/wp-content\/uploads\/2023\/12\/m10_1-300x300.jpg\" class=\"attachment-woocommerce_thumbnail size-woocommerce_thumbnail\" alt=\"Tablet Lenovo M10 TB328FU 10.1&quot;\" srcset=\"https:\/\/store.jvdconsultores.com\/wp-content\/uploads\/2023\/12\/m10_1-300x300.jpg 300w, https:\/\/store.jvdconsultores.com\/wp-content\/uploads\/2023\/12\/m10_1-150x150.jpg 150w, https:\/\/store.jvdconsultores.com\/wp-content\/uploads\/2023\/12\/m10_1-350x350.jpg 350w, https:\/\/store.jvdconsultores.com\/wp-content\/uploads\/2023\/12\/m10_1-100x100.jpg 100w, https:\/\/store.jvdconsultores.com\/wp-content\/uploads\/2023\/12\/m10_1.jpg 433w\" sizes=\"(max-width: 300px) 100vw, 300px\" \/><\/div>\n\t\t\t\t\t<div class=\"wc-block-grid__product-title\">Tablet Lenovo M10 TB328FU 10.1&#8243;<\/div>\n\t\t\t\t<\/a>\n\t\t\t\t<div class=\"wc-block-grid__product-price price\"><del aria-hidden=\"true\"><span class=\"woocommerce-Price-amount amount\"><span class=\"woocommerce-Price-currencySymbol\">&#036;<\/span>5,475.00<\/span><\/del> <ins><span class=\"woocommerce-Price-amount amount\"><span class=\"woocommerce-Price-currencySymbol\">&#036;<\/span>4,562.00<\/span><\/ins><\/div>\n\t\t\t\t\n\t\t\t\t<div class=\"wp-block-button wc-block-grid__product-add-to-cart\"><a href=\"?add-to-cart=112\" aria-label=\"A\u00f1ade &ldquo;Tablet Lenovo M10 TB328FU 10.1&quot;&rdquo; a tu carrito\" data-quantity=\"1\" data-product_id=\"112\" data-product_sku=\"m10-lenovo\" data-price=\"4562\" rel=\"nofollow\" class=\"wp-block-button__link  add_to_cart_button ajax_add_to_cart\">A\u00f1adir al carrito<\/a><\/div>\n\t\t\t<\/li><li class=\"wc-block-grid__product\">\n\t\t\t\t<a href=\"https:\/\/store.jvdconsultores.com\/index.php\/product\/tablet-vorago-pad-7-kids-7-quadcore\/\" class=\"wc-block-grid__product-link\">\n\t\t\t\t\t<div class=\"wc-block-grid__product-onsale\">\n\t\t\t<span aria-hidden=\"true\">Oferta<\/span>\n\t\t\t<span class=\"screen-reader-text\">Producto en oferta<\/span>\n\t\t<\/div>\n\t\t\t\t\t<div class=\"wc-block-grid__product-image\"><img loading=\"lazy\" decoding=\"async\" width=\"300\" height=\"300\" src=\"https:\/\/store.jvdconsultores.com\/wp-content\/uploads\/2023\/12\/vorago_2-300x300.jpg\" class=\"attachment-woocommerce_thumbnail size-woocommerce_thumbnail\" alt=\"Tablet Vorago PAD-7-KIDS 7&quot; Quadcore\" srcset=\"https:\/\/store.jvdconsultores.com\/wp-content\/uploads\/2023\/12\/vorago_2-300x300.jpg 300w, https:\/\/store.jvdconsultores.com\/wp-content\/uploads\/2023\/12\/vorago_2-150x150.jpg 150w, https:\/\/store.jvdconsultores.com\/wp-content\/uploads\/2023\/12\/vorago_2-350x350.jpg 350w, https:\/\/store.jvdconsultores.com\/wp-content\/uploads\/2023\/12\/vorago_2-100x100.jpg 100w, https:\/\/store.jvdconsultores.com\/wp-content\/uploads\/2023\/12\/vorago_2.jpg 433w\" sizes=\"(max-width: 300px) 100vw, 300px\" \/><\/div>\n\t\t\t\t\t<div class=\"wc-block-grid__product-title\">Tablet Vorago PAD-7-KIDS 7&#8243; Quadcore<\/div>\n\t\t\t\t<\/a>\n\t\t\t\t<div class=\"wc-block-grid__product-price price\"><del aria-hidden=\"true\"><span class=\"woocommerce-Price-amount amount\"><span class=\"woocommerce-Price-currencySymbol\">&#036;<\/span>1,719.99<\/span><\/del> <ins><span class=\"woocommerce-Price-amount amount\"><span class=\"woocommerce-Price-currencySymbol\">&#036;<\/span>1,433.00<\/span><\/ins><\/div>\n\t\t\t\t\n\t\t\t\t<div class=\"wp-block-button wc-block-grid__product-add-to-cart\"><a href=\"?add-to-cart=107\" aria-label=\"A\u00f1ade &ldquo;Tablet Vorago PAD-7-KIDS 7&quot; Quadcore&rdquo; a tu carrito\" data-quantity=\"1\" data-product_id=\"107\" data-product_sku=\"vorago-tablet\" data-price=\"1433\" rel=\"nofollow\" class=\"wp-block-button__link  add_to_cart_button ajax_add_to_cart\">A\u00f1adir al carrito<\/a><\/div>\n\t\t\t<\/li><\/ul><\/div><\/div><\/div>","protected":false},"excerpt":{"rendered":"","protected":false},"author":1,"featured_media":0,"parent":0,"menu_order":0,"comment_status":"closed","ping_status":"closed","template":"","meta":{"footnotes":""},"jetpack_sharing_enabled":true,"_links":{"self":[{"href":"https:\/\/store.jvdconsultores.com\/index.php\/wp-json\/wp\/v2\/pages\/8"}],"collection":[{"href":"https:\/\/store.jvdconsultores.com\/index.php\/wp-json\/wp\/v2\/pages"}],"about":[{"href":"https:\/\/store.jvdconsultores.com\/index.php\/wp-json\/wp\/v2\/types\/page"}],"author":[{"embeddable":true,"href":"https:\/\/store.jvdconsultores.com\/index.php\/wp-json\/wp\/v2\/users\/1"}],"replies":[{"embeddable":true,"href":"https:\/\/store.jvdconsultores.com\/index.php\/wp-json\/wp\/v2\/comments?post=8"}],"version-history":[{"count":0,"href":"https:\/\/store.jvdconsultores.com\/index.php\/wp-json\/wp\/v2\/pages\/8\/revisions"}],"wp:attachment":[{"href":"https:\/\/store.jvdconsultores.com\/index.php\/wp-json\/wp\/v2\/media?parent=8"}],"curies":[{"name":"wp","href":"https:\/\/api.w.org\/{rel}","templated":true}]}}