{"id":112,"date":"2023-12-12T04:17:03","date_gmt":"2023-12-12T04:17:03","guid":{"rendered":"https:\/\/store.jvdconsultores.com\/?post_type=product&#038;p=112"},"modified":"2023-12-12T04:17:35","modified_gmt":"2023-12-12T04:17:35","slug":"tablet-lenovo-m10-tb328fu-10-1","status":"publish","type":"product","link":"https:\/\/store.jvdconsultores.com\/index.php\/product\/tablet-lenovo-m10-tb328fu-10-1\/","title":{"rendered":"Tablet Lenovo M10 TB328FU 10.1&#8243;"},"content":{"rendered":"<table id=\"Caracteristicas_Generales\" class=\" table table-striped\" border=\"0\">\n<tbody>\n<tr>\n<td>Marca:<\/td>\n<td>Lenovo<\/td>\n<\/tr>\n<tr>\n<td>Art\u00edculo:<\/td>\n<td>Tablet<\/td>\n<\/tr>\n<tr>\n<td>Serie:<\/td>\n<td>Tab M10<\/td>\n<\/tr>\n<tr>\n<td>Modelo:<\/td>\n<td>TB328FU<\/td>\n<\/tr>\n<tr>\n<td>Color:<\/td>\n<td>Gris<\/td>\n<\/tr>\n<tr>\n<td>Procesador:<\/td>\n<td>Unisoc T610 (8C, 2x A75 a 1,8 GHz + 6x A55 a 1,8 GHz)<\/td>\n<\/tr>\n<tr>\n<td>Sistema operativo:<\/td>\n<td>Android 11 o posterior<\/td>\n<\/tr>\n<tr>\n<td>Almacenamiento:<\/td>\n<td>64 GB (eMCP, eMMC 5.1)<\/td>\n<\/tr>\n<tr>\n<td>Memoria:<\/td>\n<td>4GB Soldado LPDDR4x<\/td>\n<\/tr>\n<tr>\n<td>Memoria ampliable:<\/td>\n<td>Tarjeta MicroSD (hasta 128 GB, FAT32; 2 TB, exFAT)<\/td>\n<\/tr>\n<tr>\n<td>Pantalla:<\/td>\n<td>10,1&#8243; WUXGA (1920&#215;1200) IPS 320nits Antihuellas, 100 % sRGB, t\u00e1ctil de 10 puntos<\/td>\n<\/tr>\n<tr>\n<td>C\u00e1mara:<\/td>\n<td>Delantero 5.0MP \/ Trasero 8.0MP<\/td>\n<\/tr>\n<tr>\n<td>Gr\u00e1ficos:<\/td>\n<td>ARM integrado Mali-G52 3EE de 2 n\u00facleos<\/td>\n<\/tr>\n<tr>\n<td>Chipset:<\/td>\n<td>Plataforma Unisoc SoC<\/td>\n<\/tr>\n<tr>\n<td>Lector de tarjetas:<\/td>\n<td>Ranura para tarjeta MicroSD<\/td>\n<\/tr>\n<tr>\n<td>Micr\u00f3fono:<\/td>\n<td>Mono<\/td>\n<\/tr>\n<tr>\n<td>Altavoces:<\/td>\n<td>Altavoz dual optimizado con Dolby Atmos<\/td>\n<\/tr>\n<tr>\n<td>Sensores:<\/td>\n<td>Sensor de aceler\u00f3metro (G) Sensor de luz ambiental (ALS) sensor de pasillo Sensor de proximidad (P)<\/td>\n<\/tr>\n<tr>\n<td>Bater\u00eda:<\/td>\n<td>Integrado 5000 mAh (m\u00edn.) \/ 5100 mAh (t\u00edp.)<\/td>\n<\/tr>\n<tr>\n<td>Duraci\u00f3n m\u00e1xima de la bater\u00eda:<\/td>\n<td>Tiempo en espera: 4 semanas Tiempo de reproducci\u00f3n de video: 10 h Tiempo de navegaci\u00f3n web: 9 h Tiempo de reproducci\u00f3n de m\u00fasica: 64 h<\/td>\n<\/tr>\n<tr>\n<td>Tiempo de carga:<\/td>\n<td>Alrededor de 3,5 horas para cargarse completamente<\/td>\n<\/tr>\n<tr>\n<td>Adaptador de corriente:<\/td>\n<td>5V \/ 2A<\/td>\n<\/tr>\n<tr>\n<td>Conectividad:<\/td>\n<td>WiFi 11a\/b\/g\/n\/ca, 1&#215;1, Bluetooth 5.0<\/td>\n<\/tr>\n<tr>\n<td>Puertos:<\/td>\n<td>1x USB-C 2.0 (admite transferencia de datos y carga) 1 conector combinado de auriculares\/micr\u00f3fono (3,5 mm)<\/td>\n<\/tr>\n<tr>\n<td>Dimensiones:<\/td>\n<td>23.98 cm x 15.86 cm x 0.85 cm<\/td>\n<\/tr>\n<\/tbody>\n<\/table>\n","protected":false},"excerpt":{"rendered":"<h5 class=\"font-gray-bold\">Tablet Lenovo M10 TB328FU 10.1&#8243; Unisoc 64 GB Ram 4 GB Android 11 Color Gris<\/h5>\n","protected":false},"featured_media":115,"comment_status":"open","ping_status":"closed","template":"","meta":[],"product_cat":[21],"product_tag":[27],"jetpack_sharing_enabled":true,"_links":{"self":[{"href":"https:\/\/store.jvdconsultores.com\/index.php\/wp-json\/wp\/v2\/product\/112"}],"collection":[{"href":"https:\/\/store.jvdconsultores.com\/index.php\/wp-json\/wp\/v2\/product"}],"about":[{"href":"https:\/\/store.jvdconsultores.com\/index.php\/wp-json\/wp\/v2\/types\/product"}],"replies":[{"embeddable":true,"href":"https:\/\/store.jvdconsultores.com\/index.php\/wp-json\/wp\/v2\/comments?post=112"}],"wp:featuredmedia":[{"embeddable":true,"href":"https:\/\/store.jvdconsultores.com\/index.php\/wp-json\/wp\/v2\/media\/115"}],"wp:attachment":[{"href":"https:\/\/store.jvdconsultores.com\/index.php\/wp-json\/wp\/v2\/media?parent=112"}],"wp:term":[{"taxonomy":"product_cat","embeddable":true,"href":"https:\/\/store.jvdconsultores.com\/index.php\/wp-json\/wp\/v2\/product_cat?post=112"},{"taxonomy":"product_tag","embeddable":true,"href":"https:\/\/store.jvdconsultores.com\/index.php\/wp-json\/wp\/v2\/product_tag?post=112"}],"curies":[{"name":"wp","href":"https:\/\/api.w.org\/{rel}","templated":true}]}}